{"id":9,"date":"2021-05-22T04:28:58","date_gmt":"2021-05-22T04:28:58","guid":{"rendered":"https:\/\/iesaa.eu\/pt\/?page_id=9"},"modified":"2021-05-25T02:25:39","modified_gmt":"2021-05-25T02:25:39","slug":"home-2","status":"publish","type":"page","link":"https:\/\/iesaa.eu\/pt\/","title":{"rendered":"Home"},"content":{"rendered":"<header class=\"masthead bg-primary text-center masthead-home\">\n<div class=\"container d-flex align-items-center flex-column\">\n<h1 class=\"masthead-heading\" data-aos=\"fade-up\">Bem-vindo \u00e0  <br class=\"d-block\" \/> Associa\u00e7\u00e3o Indo-Europeia de Ci\u00eancias e Artes \u2013 AIECA<\/h1>\n<p>            <!-- Masthead Subheading--><\/p>\n<div class=\"row justify-content-md-center mt-3\">\n<div class=\"col-md-8\" data-aos=\"fade-in\">\n<p class=\"masthead-subheading font-weight-light\">Promo\u00e7\u00e3o da Investiga\u00e7\u00e3o Cient\u00edfica e Tecnol\u00f3gica e das Cria\u00e7\u00f5es Art\u00edsticas.<\/p>\n<\/p><\/div>\n<\/p><\/div>\n<\/p><\/div>\n<\/header>\n<section class=\"objects-section\">\n<div class=\"row no-gutters\">\n<div class=\"col-6 col-lg-3\">\n<div class=\"object-ratio object-ratio-cooperation\">\n<div class=\"object-ration-container\">\n                        <a href=\"\/pt\/sobre-nos\/\"><\/p>\n<div class=\"object-contents\">\n                                <img decoding=\"async\" src=\"\/wp-content\/themes\/iesaa\/assets\/img\/org-icon.png\" class=\"img-fluid\"><\/p>\n<h4>Sobre n\u00f3s<\/h4>\n<\/p><\/div>\n<p>                        <\/a>\n                    <\/div>\n<\/p><\/div>\n<\/p><\/div>\n<div class=\"col-6 col-lg-3\">\n<div class=\"object-ratio object-ratio-orange object-ratio-support\">\n<div class=\"object-ration-container\">\n                        <a href=\"\/pt\/sobre-nos\/#social-bodies\"><\/p>\n<div class=\"object-contents\">\n                                <img decoding=\"async\" src=\"\/wp-content\/themes\/iesaa\/assets\/img\/icon-team.png\" class=\"img-fluid\"><\/p>\n<h4>A nossa Equipa<\/h4>\n<\/p><\/div>\n<p>                        <\/a>\n                    <\/div>\n<\/p><\/div>\n<\/p><\/div>\n<div class=\"col-6 col-lg-3\">\n<div class=\"object-ratio object-ratio-art\">\n<div class=\"object-ration-container\">\n                        <a href=\"\/pt\/sobre-nos\/#objectives\"><\/p>\n<div class=\"object-contents\">\n                                <img decoding=\"async\" src=\"\/wp-content\/themes\/iesaa\/assets\/img\/icon-culture.png\" class=\"img-fluid\"><\/p>\n<h4>Objetivos<\/h4>\n<\/p><\/div>\n<p>                        <\/a>\n                    <\/div>\n<\/p><\/div>\n<\/p><\/div>\n<div class=\"col-6 col-lg-3\">\n<div class=\"object-ratio object-ratio-orange object-ratio-science\">\n<div class=\"object-ration-container\">\n                        <a href=\"\/membros\"><\/p>\n<div class=\"object-contents\">\n                                <img decoding=\"async\" src=\"\/wp-content\/themes\/iesaa\/assets\/img\/icon-science.png\" class=\"img-fluid\"><\/p>\n<h4>Membros<\/h4>\n<\/p><\/div>\n<p>                        <\/a>\n                    <\/div>\n<\/p><\/div>\n<\/p><\/div>\n<\/p><\/div>\n<\/section>\n<section class=\"page-section bg-primary mb-0\" id=\"join-hands\">\n<div class=\"container-fluid\">\n            <!-- About Section Content--><\/p>\n<div class=\"row\">\n<div class=\"col-lg-6\"><\/div>\n<div class=\"col-lg-5 mr-auto\">\n<div class=\"p-3 p-md-5 text-white\">\n<h5 class=\"mt-4 color-secondary\">\n                            Associa-te!<br \/>\n                        <\/h5>\n<blockquote class=\"blockquote mt-5\">\n<p class=\"mb-0\">Education is all a matter of building bridges.<\/p>\n<footer class=\"blockquote-footer\"><cite title=\"Ralph Ellison\">Ralph Ellison<\/cite><\/footer>\n<\/blockquote>\n<p class=\"mt-5\">\n                            <a href=\"\/pt\/membros\/\" class=\"btn btn-lg rounded btn-donate\">Junte-se a n\u00f3s<\/a>\n                        <\/p>\n<\/p><\/div>\n<\/p><\/div>\n<\/p><\/div>\n<\/p><\/div>\n<\/section>\n","protected":false},"excerpt":{"rendered":"<p>Bem-vindo \u00e0 Associa\u00e7\u00e3o Indo-Europeia de Ci\u00eancias e Artes \u2013 AIECA Promo\u00e7\u00e3o da Investiga\u00e7\u00e3o Cient\u00edfica e Tecnol\u00f3gica e das Cria\u00e7\u00f5es Art\u00edsticas. Sobre n\u00f3s A nossa Equipa Objetivos Membros Associa-te! Education is all a matter of building bridges. Ralph Ellison Junte-se a n\u00f3s<\/p>\n","protected":false},"author":3,"featured_media":0,"parent":0,"menu_order":0,"comment_status":"closed","ping_status":"closed","template":"","meta":{"footnotes":""},"class_list":["post-9","page","type-page","status-publish","hentry"],"_links":{"self":[{"href":"https:\/\/iesaa.eu\/pt\/wp-json\/wp\/v2\/pages\/9","targetHints":{"allow":["GET"]}}],"collection":[{"href":"https:\/\/iesaa.eu\/pt\/wp-json\/wp\/v2\/pages"}],"about":[{"href":"https:\/\/iesaa.eu\/pt\/wp-json\/wp\/v2\/types\/page"}],"author":[{"embeddable":true,"href":"https:\/\/iesaa.eu\/pt\/wp-json\/wp\/v2\/users\/3"}],"replies":[{"embeddable":true,"href":"https:\/\/iesaa.eu\/pt\/wp-json\/wp\/v2\/comments?post=9"}],"version-history":[{"count":5,"href":"https:\/\/iesaa.eu\/pt\/wp-json\/wp\/v2\/pages\/9\/revisions"}],"predecessor-version":[{"id":45,"href":"https:\/\/iesaa.eu\/pt\/wp-json\/wp\/v2\/pages\/9\/revisions\/45"}],"wp:attachment":[{"href":"https:\/\/iesaa.eu\/pt\/wp-json\/wp\/v2\/media?parent=9"}],"curies":[{"name":"wp","href":"https:\/\/api.w.org\/{rel}","templated":true}]}}